{"id":862,"date":"2024-01-12T13:49:43","date_gmt":"2024-01-12T12:49:43","guid":{"rendered":"https:\/\/anufra.com\/qui-som\/"},"modified":"2025-10-13T10:50:59","modified_gmt":"2025-10-13T08:50:59","slug":"qui-som","status":"publish","type":"page","link":"https:\/\/anufra.com\/ca\/qui-som\/","title":{"rendered":"Qui som"},"content":{"rendered":"<p>[et_pb_section fb_built=&#8221;1&#8243; _builder_version=&#8221;4.23.4&#8243; _module_preset=&#8221;default&#8221; locked=&#8221;off&#8221; global_colors_info=&#8221;{}&#8221;][et_pb_row column_structure=&#8221;1_2,1_2&#8243; _builder_version=&#8221;4.23.4&#8243; _module_preset=&#8221;default&#8221; width=&#8221;90%&#8221; global_colors_info=&#8221;{}&#8221;][et_pb_column type=&#8221;1_2&#8243; _builder_version=&#8221;4.23.4&#8243; _module_preset=&#8221;default&#8221; global_colors_info=&#8221;{}&#8221;][et_pb_text _builder_version=&#8221;4.23.4&#8243; _module_preset=&#8221;default&#8221; header_font=&#8221;|600|||||||&#8221; header_font_size=&#8221;45px&#8221; header_3_font=&#8221;Titillium Web|600|||||||&#8221; header_3_text_color=&#8221;#6F070A&#8221; global_colors_info=&#8221;{}&#8221;]<\/p>\n<h3>Empresa<\/h3>\n<h1>Sobre nosaltres<\/h1>\n<p>[\/et_pb_text][\/et_pb_column][et_pb_column type=&#8221;1_2&#8243; _builder_version=&#8221;4.23.4&#8243; _module_preset=&#8221;default&#8221; global_colors_info=&#8221;{}&#8221;][et_pb_text _builder_version=&#8221;4.23.4&#8243; _module_preset=&#8221;default&#8221; global_colors_info=&#8221;{}&#8221;]<\/p>\n<p>L&#8217;equip d&#8217;Anufra es compromet a una \u00e8tica d&#8217;empresa basada en la professionalitat i la qualitat dels serveis que oferim, actuant amb transpar\u00e8ncia i confidencialitat de la informaci\u00f3 facilitada, mantenint una relaci\u00f3 directa i propera amb el client amb l&#8217;objectiu de generar seguretat, confian\u00e7a i aconseguir els millors resultats t\u00e8cnics.<\/p>\n<p>Formem part del <strong><a href=\"https:\/\/web.gencat.cat\/es\/tramits\/tramits-temes\/20467-Programa-voluntari-de-compensacio-demissions-de-gasos-amb-efecte-hivernacle\" target=\"_blank\" rel=\"noopener\">Programa d&#8217;acords voluntaris per reduir les emissions de gasos amb efecte d&#8217;hivernacle &#8211; Govern.cat. <\/a><\/strong>Som una empresa que compleix els requisits de la norma ISO 9001:2015 Sistema de Gesti\u00f3 de la Qualitat.<\/p>\n<p>[\/et_pb_text][et_pb_image src=&#8221;https:\/\/anufra.com\/wp-content\/uploads\/2024\/01\/Etiqueta-cat-sns_450.jpg&#8221; title_text=&#8221;Etiqueta-cat-sns_450&#8243; _builder_version=&#8221;4.23.4&#8243; _module_preset=&#8221;default&#8221; max_width=&#8221;90px&#8221; custom_margin=&#8221;2em|2em||2em|false|true&#8221; custom_padding=&#8221;||||false|false&#8221; custom_css_main_element=&#8221;float:left;&#8221; locked=&#8221;off&#8221; global_colors_info=&#8221;{}&#8221;][\/et_pb_image][et_pb_image src=&#8221;https:\/\/anufra.com\/wp-content\/uploads\/2024\/01\/applus-png-applus-iso-9001-530.png&#8221; title_text=&#8221;applus-png-applus-iso-9001-530&#8243; disabled_on=&#8221;off|off|off&#8221; _builder_version=&#8221;4.23.4&#8243; _module_preset=&#8221;default&#8221; max_width=&#8221;60px&#8221; custom_css_main_element=&#8221;float:left;&#8221; locked=&#8221;off&#8221; global_colors_info=&#8221;{}&#8221;][\/et_pb_image][\/et_pb_column][\/et_pb_row][\/et_pb_section][et_pb_section fb_built=&#8221;1&#8243; _builder_version=&#8221;4.23.4&#8243; _module_preset=&#8221;default&#8221; background_image=&#8221;https:\/\/anufra.com\/wp-content\/uploads\/2024\/01\/slider-principal-nosotros.webp&#8221; min_height=&#8221;450px&#8221; custom_padding=&#8221;0px||0px||true|false&#8221; locked=&#8221;off&#8221; global_colors_info=&#8221;{}&#8221;][\/et_pb_section][et_pb_section fb_built=&#8221;1&#8243; _builder_version=&#8221;4.23.4&#8243; _module_preset=&#8221;default&#8221; locked=&#8221;off&#8221; global_colors_info=&#8221;{}&#8221;][et_pb_row _builder_version=&#8221;4.23.4&#8243; _module_preset=&#8221;default&#8221; width=&#8221;90%&#8221; global_colors_info=&#8221;{}&#8221;][et_pb_column type=&#8221;4_4&#8243; _builder_version=&#8221;4.23.4&#8243; _module_preset=&#8221;default&#8221; global_colors_info=&#8221;{}&#8221;][et_pb_text _builder_version=&#8221;4.23.4&#8243; _module_preset=&#8221;default&#8221; header_font=&#8221;|600|||||||&#8221; header_text_align=&#8221;center&#8221; header_font_size=&#8221;45px&#8221; header_3_font=&#8221;Titillium Web|600|||||||&#8221; header_3_text_align=&#8221;center&#8221; header_3_text_color=&#8221;#6F070A&#8221; global_colors_info=&#8221;{}&#8221;]<\/p>\n<h1>Equip principal<\/h1>\n<p>[\/et_pb_text][\/et_pb_column][\/et_pb_row][\/et_pb_section][et_pb_section fb_built=&#8221;1&#8243; _builder_version=&#8221;4.23.4&#8243; _module_preset=&#8221;default&#8221; custom_padding=&#8221;0px||0px||true|false&#8221; global_colors_info=&#8221;{}&#8221;][et_pb_row column_structure=&#8221;1_2,1_2&#8243; _builder_version=&#8221;4.23.4&#8243; _module_preset=&#8221;default&#8221; global_colors_info=&#8221;{}&#8221;][et_pb_column type=&#8221;1_2&#8243; _builder_version=&#8221;4.23.4&#8243; _module_preset=&#8221;default&#8221; global_colors_info=&#8221;{}&#8221;][et_pb_image src=&#8221;https:\/\/anufra.com\/wp-content\/uploads\/2024\/01\/laura-blanco-anufra.webp&#8221; title_text=&#8221;laura-blanco-anufra&#8221; _builder_version=&#8221;4.23.4&#8243; _module_preset=&#8221;default&#8221; max_width=&#8221;250px&#8221; module_alignment=&#8221;center&#8221; global_colors_info=&#8221;{}&#8221;][\/et_pb_image][et_pb_text _builder_version=&#8221;4.23.4&#8243; _module_preset=&#8221;default&#8221; header_2_font=&#8221;Titillium Web|600|||||||&#8221; header_2_text_color=&#8221;#000000&#8243; header_3_font=&#8221;Titillium Web|600|||||||&#8221; header_3_text_color=&#8221;#6F070A&#8221; header_3_font_size=&#8221;18px&#8221; header_5_font=&#8221;Titillium Web|600|||||||&#8221; header_5_text_color=&#8221;#000000&#8243; max_width=&#8221;400px&#8221; module_alignment=&#8221;center&#8221; global_colors_info=&#8221;{}&#8221;]<\/p>\n<h2>Laura Blanco<\/h2>\n<h3>Direcci\u00f3<\/h3>\n<h5>Dra. Hidroge\u00f2loga senior<\/h5>\n<p>&nbsp;<\/p>\n<p>[\/et_pb_text][et_pb_text _builder_version=&#8221;4.23.4&#8243; _module_preset=&#8221;default&#8221; max_width=&#8221;400px&#8221; module_alignment=&#8221;center&#8221; custom_margin=&#8221;0px||||false|false&#8221; custom_padding=&#8221;0px||||false|false&#8221; global_colors_info=&#8221;{}&#8221;]<\/p>\n<p>Doctora hidroge\u00f2loga per la Universitat de Barcelona (UB) amb postgrau en hidrogeologia per la Universitat Polit\u00e8cnica de Catalunya (UPC). Desenvolupa la seva carrera professional al sector de l&#8217;empresa privada des del 2003 i realitza el doctorat industrial especialitzat en sensors remots i machine learning aplicat a l&#8217;estudi de mitjans fracturats. Actualment, compagina la seva activitat professional amb la doc\u00e8ncia en hidrogeologia a la Universitat de Barcelona, aportant la seva experi\u00e8ncia en projectes reals a l\u2019\u00e0mbit acad\u00e8mic.<\/p>\n<p>[\/et_pb_text][et_pb_text _builder_version=&#8221;4.23.4&#8243; _module_preset=&#8221;default&#8221; header_2_font=&#8221;Titillium Web|600|||||||&#8221; header_2_text_color=&#8221;#000000&#8243; header_3_font=&#8221;Titillium Web|600|||||||&#8221; header_3_text_color=&#8221;#6F070A&#8221; header_3_font_size=&#8221;18px&#8221; header_5_font=&#8221;Titillium Web|600|||||||&#8221; header_5_text_color=&#8221;#000000&#8243; max_width=&#8221;400px&#8221; module_alignment=&#8221;center&#8221; global_colors_info=&#8221;{}&#8221;]<\/p>\n<h3><a href=\"https:\/\/es.linkedin.com\/in\/lablanu\">Llegir-ne m\u00e9s<\/a><\/h3>\n<p>[\/et_pb_text][\/et_pb_column][et_pb_column type=&#8221;1_2&#8243; _builder_version=&#8221;4.23.4&#8243; _module_preset=&#8221;default&#8221; global_colors_info=&#8221;{}&#8221;][et_pb_image src=&#8221;https:\/\/anufra.com\/wp-content\/uploads\/2024\/01\/xavier-alemany-anufra.webp&#8221; title_text=&#8221;xavier-alemany-anufra&#8221; _builder_version=&#8221;4.23.4&#8243; _module_preset=&#8221;default&#8221; max_width=&#8221;250px&#8221; module_alignment=&#8221;center&#8221; global_colors_info=&#8221;{}&#8221;][\/et_pb_image][et_pb_text _builder_version=&#8221;4.23.4&#8243; _module_preset=&#8221;default&#8221; header_2_font=&#8221;Titillium Web|600|||||||&#8221; header_2_text_color=&#8221;#000000&#8243; header_3_font=&#8221;Titillium Web|600|||||||&#8221; header_3_text_color=&#8221;#6F070A&#8221; header_3_font_size=&#8221;18px&#8221; header_5_font=&#8221;Titillium Web|600|||||||&#8221; header_5_text_color=&#8221;#000000&#8243; max_width=&#8221;400px&#8221; module_alignment=&#8221;center&#8221; global_colors_info=&#8221;{}&#8221;]<\/p>\n<h2>Xavier Alemany<\/h2>\n<h3>Direcci\u00f3<\/h3>\n<h5>Ge\u00f2leg senior<\/h5>\n<p>&nbsp;<\/p>\n<p>[\/et_pb_text][et_pb_text _builder_version=&#8221;4.23.4&#8243; _module_preset=&#8221;default&#8221; max_width=&#8221;400px&#8221; module_alignment=&#8221;center&#8221; global_colors_info=&#8221;{}&#8221;]<\/p>\n<p>M\u00e0ster i Ge\u00f2leg per la Universitat de Barcelona (UB), desenvolupa la seva carrera professional al sector des del 2001. Especialista en eines GIS i l&#8217;an\u00e0lisi d&#8217;espais fluvials, inicia la seva activitat com a col\u00b7laborador a la Universitat de Barcelona, \u200b\u200ben la planificaci\u00f3 dels Espais Fluvials (PEF) del riu Llobregat i l&#8217;Anoia. \u00c9s expert en modelitzaci\u00f3 hidrogeol\u00f2gica mitjan\u00e7ant MODFLOW, aplicant aquestes eines en estudis de flux subterrani, gesti\u00f3 de recursos h\u00eddrics i diagnosi ambiental.<\/p>\n<p>[\/et_pb_text][et_pb_text _builder_version=&#8221;4.23.4&#8243; _module_preset=&#8221;default&#8221; header_2_font=&#8221;Titillium Web|600|||||||&#8221; header_2_text_color=&#8221;#000000&#8243; header_3_font=&#8221;Titillium Web|600|||||||&#8221; header_3_text_color=&#8221;#6F070A&#8221; header_3_font_size=&#8221;18px&#8221; header_5_font=&#8221;Titillium Web|600|||||||&#8221; header_5_text_color=&#8221;#000000&#8243; max_width=&#8221;400px&#8221; module_alignment=&#8221;center&#8221; global_colors_info=&#8221;{}&#8221;]<\/p>\n<h3><a href=\"https:\/\/es.linkedin.com\/in\/xalemany\">Llegir-ne m\u00e9s<\/a><\/h3>\n<p>[\/et_pb_text][\/et_pb_column][\/et_pb_row][et_pb_row column_structure=&#8221;1_2,1_2&#8243; _builder_version=&#8221;4.23.4&#8243; _module_preset=&#8221;default&#8221; min_height=&#8221;737px&#8221; global_colors_info=&#8221;{}&#8221;][et_pb_column type=&#8221;1_2&#8243; _builder_version=&#8221;4.23.4&#8243; _module_preset=&#8221;default&#8221; global_colors_info=&#8221;{}&#8221;][et_pb_image src=&#8221;https:\/\/anufra.com\/wp-content\/uploads\/2025\/09\/Logo-indumentaria-mujer-circular-simple-negro-1.png&#8221; title_text=&#8221;Logo indumentaria mujer circular simple negro&#8221; _builder_version=&#8221;4.25.0&#8243; _module_preset=&#8221;default&#8221; max_width=&#8221;250px&#8221; module_alignment=&#8221;center&#8221; global_colors_info=&#8221;{}&#8221;][\/et_pb_image][et_pb_text _builder_version=&#8221;4.25.0&#8243; _module_preset=&#8221;default&#8221; header_2_font=&#8221;Titillium Web|600|||||||&#8221; header_2_text_color=&#8221;#000000&#8243; header_3_font=&#8221;Titillium Web|600|||||||&#8221; header_3_text_color=&#8221;#6F070A&#8221; header_3_font_size=&#8221;18px&#8221; header_5_font=&#8221;Titillium Web|600|||||||&#8221; header_5_text_color=&#8221;#000000&#8243; max_width=&#8221;400px&#8221; module_alignment=&#8221;center&#8221; custom_margin=&#8221;||8px|||&#8221; global_colors_info=&#8221;{}&#8221;]<\/p>\n<h2>Col\u00b7laboradors<\/h2>\n<h3>Anufra<\/h3>\n<p>[\/et_pb_text][et_pb_text _builder_version=&#8221;4.25.0&#8243; _module_preset=&#8221;default&#8221; max_width=&#8221;400px&#8221; module_alignment=&#8221;center&#8221; global_colors_info=&#8221;{}&#8221; custom_margin=&#8221;||36px|||&#8221;]<\/p>\n<p>Comptem amb una xarxa de col\u00b7laboradors experts en medi ambient, geot\u00e8cnia i an\u00e0lisi territorial que reforcen les nostres capacitats t\u00e8cniques i operatives. Aquesta estructura flexible ens permet adaptar-nos als terminis i requeriments espec\u00edfics de cada projecte, garantint resultats efica\u00e7os i t\u00e8cnicament contrastats<\/p>\n<p>[\/et_pb_text][et_pb_text _builder_version=&#8221;4.23.4&#8243; _module_preset=&#8221;default&#8221; header_2_font=&#8221;Titillium Web|600|||||||&#8221; header_2_text_color=&#8221;#000000&#8243; header_3_font=&#8221;Titillium Web|600|||||||&#8221; header_3_text_color=&#8221;#6F070A&#8221; header_3_font_size=&#8221;18px&#8221; header_5_font=&#8221;Titillium Web|600|||||||&#8221; header_5_text_color=&#8221;#000000&#8243; max_width=&#8221;400px&#8221; module_alignment=&#8221;center&#8221; global_colors_info=&#8221;{}&#8221;]<\/p>\n<h3><a href=\"https:\/\/www.linkedin.com\/company\/gtmh-anufra\/\">Llegir-ne m\u00e9s<\/a><\/h3>\n<p>[\/et_pb_text][\/et_pb_column][et_pb_column type=&#8221;1_2&#8243; _builder_version=&#8221;4.23.4&#8243; _module_preset=&#8221;default&#8221; global_colors_info=&#8221;{}&#8221;][et_pb_image src=&#8221;https:\/\/anufra.com\/wp-content\/uploads\/2025\/09\/Logo-indumentaria-mujer-circular-simple-negro_EQUIP.png&#8221; title_text=&#8221;Logo indumentaria mujer circular simple negro_EQUIP&#8221; _builder_version=&#8221;4.25.0&#8243; _module_preset=&#8221;default&#8221; max_width=&#8221;250px&#8221; module_alignment=&#8221;center&#8221; global_colors_info=&#8221;{}&#8221;][\/et_pb_image][et_pb_text _builder_version=&#8221;4.25.0&#8243; _module_preset=&#8221;default&#8221; header_2_font=&#8221;Titillium Web|600|||||||&#8221; header_2_text_color=&#8221;#000000&#8243; header_3_font=&#8221;Titillium Web|600|||||||&#8221; header_3_text_color=&#8221;#6F070A&#8221; header_3_font_size=&#8221;18px&#8221; header_5_font=&#8221;Titillium Web|600|||||||&#8221; header_5_text_color=&#8221;#000000&#8243; max_width=&#8221;400px&#8221; module_alignment=&#8221;center&#8221; custom_margin=&#8221;||7px|||&#8221; global_colors_info=&#8221;{}&#8221;]<\/p>\n<h2>Equip t\u00e8cnic<\/h2>\n<h3>Anufra<\/h3>\n<p>[\/et_pb_text][et_pb_text _builder_version=&#8221;4.23.4&#8243; _module_preset=&#8221;default&#8221; max_width=&#8221;400px&#8221; module_alignment=&#8221;center&#8221; min_height=&#8221;104px&#8221; custom_margin=&#8221;-5px||36px|||&#8221; custom_padding=&#8221;5px|||||&#8221; global_colors_info=&#8221;{}&#8221;]<\/p>\n<p>El nostre equip t\u00e8cnic est\u00e0 format per professionals amb una s\u00f2lida experi\u00e8ncia en hidrogeologia, hidrologia, hidr\u00e0ulica de captacions i modelitzaci\u00f3. La seva capacitat per abordar projectes complexos amb precisi\u00f3 i solv\u00e8ncia ens permet oferir solucions adaptades, rigoroses i alineades amb els objectius de cada client.<\/p>\n<p>[\/et_pb_text][et_pb_text _builder_version=&#8221;4.23.4&#8243; _module_preset=&#8221;default&#8221; header_2_font=&#8221;Titillium Web|600|||||||&#8221; header_2_text_color=&#8221;#000000&#8243; header_3_font=&#8221;Titillium Web|600|||||||&#8221; header_3_text_color=&#8221;#6F070A&#8221; header_3_font_size=&#8221;18px&#8221; header_5_font=&#8221;Titillium Web|600|||||||&#8221; header_5_text_color=&#8221;#000000&#8243; max_width=&#8221;400px&#8221; module_alignment=&#8221;center&#8221; global_colors_info=&#8221;{}&#8221;]<\/p>\n<h3><a href=\"https:\/\/www.linkedin.com\/company\/gtmh-anufra\/\">Llegir-ne m\u00e9s<\/a><\/h3>\n<p>[\/et_pb_text][\/et_pb_column][\/et_pb_row][\/et_pb_section][et_pb_section fb_built=&#8221;1&#8243; _builder_version=&#8221;4.23.4&#8243; _module_preset=&#8221;default&#8221; background_color=&#8221;#6F070A&#8221; custom_margin=&#8221;2em||||false|false&#8221; custom_padding=&#8221;0px||0px||true|false&#8221; saved_tabs=&#8221;all&#8221; global_colors_info=&#8221;{}&#8221;][et_pb_row column_structure=&#8221;1_2,1_2&#8243; _builder_version=&#8221;4.23.4&#8243; _module_preset=&#8221;default&#8221; width=&#8221;90%&#8221; custom_padding=&#8221;4em||1em||false|false&#8221; global_colors_info=&#8221;{}&#8221;][et_pb_column type=&#8221;1_2&#8243; _builder_version=&#8221;4.23.4&#8243; _module_preset=&#8221;default&#8221; global_colors_info=&#8221;{}&#8221;][et_pb_text _builder_version=&#8221;4.23.4&#8243; _module_preset=&#8221;default&#8221; text_font=&#8221;Titillium Web|700|||||||&#8221; text_text_color=&#8221;#FFFFFF&#8221; text_font_size=&#8221;50px&#8221; text_line_height=&#8221;1.2em&#8221; header_3_font=&#8221;Titillium Web|600|||||||&#8221; header_3_text_color=&#8221;#FFFFFF&#8221; max_width=&#8221;880px&#8221; text_font_size_tablet=&#8221;40px&#8221; text_font_size_phone=&#8221;&#8221; text_font_size_last_edited=&#8221;on|tablet&#8221; global_colors_info=&#8221;{}&#8221;]<\/p>\n<h3>Servei t\u00e8cnic<\/h3>\n<p>Tens algun dubte?<\/p>\n<p>[\/et_pb_text][et_pb_text _builder_version=&#8221;4.23.4&#8243; _module_preset=&#8221;default&#8221; text_text_color=&#8221;#FFFFFF&#8221; header_3_font=&#8221;Titillium Web|600|||||||&#8221; header_3_text_color=&#8221;#6F070A&#8221; global_colors_info=&#8221;{}&#8221;]<\/p>\n<p>El nostre equip t\u00e8cnic est\u00e0 a la teva disposici\u00f3 per a qualsevol consulta. Contacta amb nosaltres a trav\u00e9s del tel\u00e8fon, correu electr\u00f2nic o el nostre formulari:<\/p>\n<p>[\/et_pb_text][et_pb_code module_class=&#8221;datos-contacto direccion&#8221; _builder_version=&#8221;4.23.4&#8243; _module_preset=&#8221;default&#8221; locked=&#8221;off&#8221; global_colors_info=&#8221;{}&#8221;]<pee>\u00a0<\/pee><!-- [et_pb_line_break_holder] --><!-- [et_pb_line_break_holder] --><!-- [et_pb_line_break_holder] --><pee><a href=\"https:\/\/maps.app.goo.gl\/tUPdzfzfgZFRqs7y5\" target=\"_blank\" rel=\"noopener\">C\/ Evarist Arn\u00fas 5-7,<!\u2013- [et_pb_br_holder] -\u2013><!-- [et_pb_line_break_holder] -->08028 Barcelona<\/a><\/pee>[\/et_pb_code][et_pb_code module_class=&#8221;datos-contacto email&#8221; _builder_version=&#8221;4.23.4&#8243; _module_preset=&#8221;default&#8221; locked=&#8221;off&#8221; global_colors_info=&#8221;{}&#8221;]<pee>\u00a0<\/pee><!-- [et_pb_line_break_holder] --><pee><a href=\"mailto:info@anufra.com\">info@anufra.com<\/a><\/pee>[\/et_pb_code][et_pb_code module_class=&#8221;datos-contacto telefono&#8221; _builder_version=&#8221;4.23.4&#8243; _module_preset=&#8221;default&#8221; locked=&#8221;off&#8221; global_colors_info=&#8221;{}&#8221;]<pee>\u00a0<\/pee><!-- [et_pb_line_break_holder] --><pee><a href=\"tel:+34935193794\">+34 935 19 37 94<\/a><\/pee>[\/et_pb_code][et_pb_code module_class=&#8221;datos-contacto telefono&#8221; _builder_version=&#8221;4.23.4&#8243; _module_preset=&#8221;default&#8221; locked=&#8221;off&#8221; global_colors_info=&#8221;{}&#8221;]<pee>\u00a0<\/pee><!-- [et_pb_line_break_holder] --><pee><a href=\"tel:+34636000396\">+34 636 00 03 96<\/a><\/pee>[\/et_pb_code][\/et_pb_column][et_pb_column type=&#8221;1_2&#8243; _builder_version=&#8221;4.23.4&#8243; _module_preset=&#8221;default&#8221; global_colors_info=&#8221;{}&#8221;][et_pb_text _builder_version=&#8221;4.23.4&#8243; _module_preset=&#8221;default&#8221; text_font=&#8221;Titillium Web|700|||||||&#8221; text_text_color=&#8221;#FFFFFF&#8221; text_font_size=&#8221;50px&#8221; text_line_height=&#8221;1.2em&#8221; header_3_font=&#8221;Titillium Web|700||on|||||&#8221; header_3_text_align=&#8221;center&#8221; header_3_text_color=&#8221;#FFFFFF&#8221; max_width=&#8221;880px&#8221; global_colors_info=&#8221;{}&#8221;]<\/p>\n<h3>Formulari de contacte<\/h3>\n<p>[\/et_pb_text][et_pb_code _builder_version=&#8221;4.23.4&#8243; _module_preset=&#8221;default&#8221; global_colors_info=&#8221;{}&#8221;]<pee class=\"p1\">\n<div class=\"wpcf7 no-js\" id=\"wpcf7-f851-o1\" lang=\"es-ES\" dir=\"ltr\" data-wpcf7-id=\"851\">\n<div class=\"screen-reader-response\"><p role=\"status\" aria-live=\"polite\" aria-atomic=\"true\"><\/p> <ul><\/ul><\/div>\n<form action=\"\/ca\/wp-json\/wp\/v2\/pages\/862#wpcf7-f851-o1\" method=\"post\" class=\"wpcf7-form init\" aria-label=\"Formulario de contacto\" novalidate=\"novalidate\" data-status=\"init\">\n<fieldset class=\"hidden-fields-container\"><input type=\"hidden\" name=\"_wpcf7\" value=\"851\" \/><input type=\"hidden\" name=\"_wpcf7_version\" value=\"6.1.2\" \/><input type=\"hidden\" name=\"_wpcf7_locale\" value=\"es_ES\" \/><input type=\"hidden\" name=\"_wpcf7_unit_tag\" value=\"wpcf7-f851-o1\" \/><input type=\"hidden\" name=\"_wpcf7_container_post\" value=\"0\" \/><input type=\"hidden\" name=\"_wpcf7_posted_data_hash\" value=\"\" \/>\n<\/fieldset>\n<p><span class=\"wpcf7-form-control-wrap\" data-name=\"your-name\"><input size=\"40\" maxlength=\"400\" class=\"wpcf7-form-control wpcf7-text wpcf7-validates-as-required\" autocomplete=\"name\" aria-required=\"true\" aria-invalid=\"false\" placeholder=\"Nom*\" value=\"\" type=\"text\" name=\"your-name\" \/><\/span>\n<\/p>\n<p><span class=\"wpcf7-form-control-wrap\" data-name=\"your-email\"><input size=\"40\" maxlength=\"400\" class=\"wpcf7-form-control wpcf7-email wpcf7-validates-as-required wpcf7-text wpcf7-validates-as-email\" autocomplete=\"email\" aria-required=\"true\" aria-invalid=\"false\" placeholder=\"Email*\" value=\"\" type=\"email\" name=\"your-email\" \/><\/span>\n<\/p>\n<p><span class=\"wpcf7-form-control-wrap\" data-name=\"telefono\"><input size=\"40\" maxlength=\"400\" class=\"wpcf7-form-control wpcf7-tel wpcf7-validates-as-required wpcf7-text wpcf7-validates-as-tel\" autocomplete=\"phone\" aria-required=\"true\" aria-invalid=\"false\" placeholder=\"Tel\u00e8fon*\" value=\"\" type=\"tel\" name=\"telefono\" \/><\/span>\n<\/p>\n<p><span class=\"wpcf7-form-control-wrap\" data-name=\"mensaje\"><textarea cols=\"40\" rows=\"10\" maxlength=\"2000\" class=\"wpcf7-form-control wpcf7-textarea wpcf7-validates-as-required\" aria-required=\"true\" aria-invalid=\"false\" placeholder=\"Missatge*\" name=\"mensaje\"><\/textarea><\/span>\n<\/p>\n<div class=\"privacidad\">\n\t<p><label><span class=\"wpcf7-form-control-wrap\" data-name=\"privacidad\"><span class=\"wpcf7-form-control wpcf7-acceptance\"><span class=\"wpcf7-list-item\"><input type=\"checkbox\" name=\"privacidad\" value=\"1\" aria-invalid=\"false\" \/><\/span><\/span><\/span> En fer clic a enviar, declaro haver llegit i accepto la <a href=\"\/politica-de-privacidad\/\">pol\u00edtica de privacitat<\/a>.<\/label>\n\t<\/p>\n<\/div>\n<p><span id=\"wpcf7-69f1f27e37c8a-wrapper\" class=\"wpcf7-form-control-wrap email-wrap\" style=\"display:none !important; visibility:hidden !important;\"><label for=\"wpcf7-69f1f27e37c8a-field\" class=\"hp-message\">Por favor, deja este campo vac\u00edo.<\/label><input id=\"wpcf7-69f1f27e37c8a-field\"  class=\"wpcf7-form-control wpcf7-text\" type=\"text\" name=\"email\" value=\"\" size=\"40\" tabindex=\"-1\" autocomplete=\"new-password\" \/><\/span>\n<\/p>\n<p><input class=\"wpcf7-form-control wpcf7-submit has-spinner\" type=\"submit\" value=\"Enviar\" \/>\n<\/p><div class=\"wpcf7-response-output\" aria-hidden=\"true\"><\/div>\n<\/form>\n<\/div>\n<\/pee>[\/et_pb_code][\/et_pb_column][\/et_pb_row][\/et_pb_section][et_pb_section fb_built=&#8221;1&#8243; _builder_version=&#8221;4.23.4&#8243; _module_preset=&#8221;default&#8221; custom_padding=&#8221;0px||0px||true|false&#8221; global_colors_info=&#8221;{}&#8221;][et_pb_row _builder_version=&#8221;4.23.4&#8243; _module_preset=&#8221;default&#8221; width=&#8221;100%&#8221; max_width=&#8221;100%&#8221; custom_padding=&#8221;0px||0px||true|false&#8221; global_colors_info=&#8221;{}&#8221;][et_pb_column type=&#8221;4_4&#8243; _builder_version=&#8221;4.23.4&#8243; _module_preset=&#8221;default&#8221; global_colors_info=&#8221;{}&#8221;][et_pb_code _builder_version=&#8221;4.23.4&#8243; _module_preset=&#8221;default&#8221; global_colors_info=&#8221;{}&#8221;]<pee><iframe loading=\"lazy\" style=\"border: 0;\" src=\"https:\/\/www.google.com\/maps\/embed?pb=!1m18!1m12!1m3!1d2993.6112430607036!2d2.1296872760593746!3d41.38253027130039!2m3!1f0!2f0!3f0!3m2!1i1024!2i768!4f13.1!3m3!1m2!1s0x12a49862658d81c9%3A0xf87f6d77a3e7d19d!2sAnufra.%20Soil%20%26%20Water%20Consulting!5e0!3m2!1ses!2ses!4v1704985675140!5m2!1ses!2ses\" width=\"100%\" height=\"450\" allowfullscreen=\"allowfullscreen\"><\/iframe><\/pee>[\/et_pb_code][\/et_pb_column][\/et_pb_row][\/et_pb_section]<\/p>\n","protected":false},"excerpt":{"rendered":"<p>Empresa Sobre nosaltresL&#8217;equip d&#8217;Anufra es compromet a una \u00e8tica d&#8217;empresa basada en la professionalitat i la qualitat dels serveis que oferim, actuant amb transpar\u00e8ncia i confidencialitat de la informaci\u00f3 facilitada, mantenint una relaci\u00f3 directa i propera amb el client amb l&#8217;objectiu de generar seguretat, confian\u00e7a i aconseguir els millors resultats t\u00e8cnics. Formem part del Programa [&hellip;]<\/p>\n","protected":false},"author":1,"featured_media":0,"parent":0,"menu_order":0,"comment_status":"closed","ping_status":"closed","template":"","meta":{"_acf_changed":false,"_et_pb_use_builder":"on","_et_pb_old_content":"","_et_gb_content_width":"","om_disable_all_campaigns":false,"inline_featured_image":false,"_uf_show_specific_survey":0,"_uf_disable_surveys":false,"footnotes":""},"class_list":["post-862","page","type-page","status-publish","hentry"],"acf":[],"aioseo_notices":[],"_links":{"self":[{"href":"https:\/\/anufra.com\/ca\/wp-json\/wp\/v2\/pages\/862","targetHints":{"allow":["GET"]}}],"collection":[{"href":"https:\/\/anufra.com\/ca\/wp-json\/wp\/v2\/pages"}],"about":[{"href":"https:\/\/anufra.com\/ca\/wp-json\/wp\/v2\/types\/page"}],"author":[{"embeddable":true,"href":"https:\/\/anufra.com\/ca\/wp-json\/wp\/v2\/users\/1"}],"replies":[{"embeddable":true,"href":"https:\/\/anufra.com\/ca\/wp-json\/wp\/v2\/comments?post=862"}],"version-history":[{"count":20,"href":"https:\/\/anufra.com\/ca\/wp-json\/wp\/v2\/pages\/862\/revisions"}],"predecessor-version":[{"id":2034,"href":"https:\/\/anufra.com\/ca\/wp-json\/wp\/v2\/pages\/862\/revisions\/2034"}],"wp:attachment":[{"href":"https:\/\/anufra.com\/ca\/wp-json\/wp\/v2\/media?parent=862"}],"curies":[{"name":"wp","href":"https:\/\/api.w.org\/{rel}","templated":true}]}}