{"id":1447,"date":"2024-01-12T13:48:24","date_gmt":"2024-01-12T12:48:24","guid":{"rendered":"https:\/\/anufra.com\/rd\/"},"modified":"2024-07-12T15:40:44","modified_gmt":"2024-07-12T13:40:44","slug":"rd","status":"publish","type":"page","link":"https:\/\/anufra.com\/en\/rd\/","title":{"rendered":"R+D"},"content":{"rendered":"<p>[et_pb_section fb_built=&#8221;1&#8243; _builder_version=&#8221;4.23.4&#8243; _module_preset=&#8221;default&#8221; locked=&#8221;off&#8221; global_colors_info=&#8221;{}&#8221;][et_pb_row column_structure=&#8221;1_2,1_2&#8243; _builder_version=&#8221;4.23.4&#8243; _module_preset=&#8221;default&#8221; width=&#8221;90%&#8221; global_colors_info=&#8221;{}&#8221;][et_pb_column type=&#8221;1_2&#8243; _builder_version=&#8221;4.23.4&#8243; _module_preset=&#8221;default&#8221; global_colors_info=&#8221;{}&#8221;][et_pb_text _builder_version=&#8221;4.23.4&#8243; _module_preset=&#8221;default&#8221; header_font=&#8221;|600|||||||&#8221; header_font_size=&#8221;45px&#8221; header_3_font=&#8221;Titillium Web|600|||||||&#8221; header_3_text_color=&#8221;#6F070A&#8221; global_colors_info=&#8221;{}&#8221;]<\/p>\n<h3>R+D<\/h3>\n<h1>Research and development<\/h1>\n<p>[\/et_pb_text][\/et_pb_column][et_pb_column type=&#8221;1_2&#8243; _builder_version=&#8221;4.23.4&#8243; _module_preset=&#8221;default&#8221; global_colors_info=&#8221;{}&#8221;][et_pb_text _builder_version=&#8221;4.23.4&#8243; _module_preset=&#8221;default&#8221; global_colors_info=&#8221;{}&#8221;]<\/p>\n<p>Anufra collaborates on research projects with the University of Barcelona and the Cartographic and Geological Institute of Catalonia. Our highly trained experts are continually furthering their knowledge, so that we can bring you worthwhile answers.<\/p>\n<p>[\/et_pb_text][\/et_pb_column][\/et_pb_row][\/et_pb_section][et_pb_section fb_built=&#8221;1&#8243; _builder_version=&#8221;4.23.4&#8243; _module_preset=&#8221;default&#8221; background_image=&#8221;https:\/\/anufra.com\/wp-content\/uploads\/2024\/01\/anufra-geologia-y-geotecnia-38.webp&#8221; min_height=&#8221;450px&#8221; custom_padding=&#8221;0px||0px||true|false&#8221; locked=&#8221;off&#8221; global_colors_info=&#8221;{}&#8221;][\/et_pb_section][et_pb_section fb_built=&#8221;1&#8243; _builder_version=&#8221;4.23.4&#8243; _module_preset=&#8221;default&#8221; locked=&#8221;off&#8221; global_colors_info=&#8221;{}&#8221;][et_pb_row _builder_version=&#8221;4.23.4&#8243; _module_preset=&#8221;default&#8221; width=&#8221;90%&#8221; global_colors_info=&#8221;{}&#8221;][et_pb_column type=&#8221;4_4&#8243; _builder_version=&#8221;4.23.4&#8243; _module_preset=&#8221;default&#8221; global_colors_info=&#8221;{}&#8221;][et_pb_text _builder_version=&#8221;4.23.4&#8243; _module_preset=&#8221;default&#8221; header_font=&#8221;|600|||||||&#8221; header_text_align=&#8221;center&#8221; header_font_size=&#8221;45px&#8221; header_3_font=&#8221;Titillium Web|600|||||||&#8221; header_3_text_align=&#8221;center&#8221; header_3_text_color=&#8221;#6F070A&#8221; global_colors_info=&#8221;{}&#8221;]<\/p>\n<h1>Our main projects<\/h1>\n<p>[\/et_pb_text][et_pb_text module_class=&#8221;lista&#8221; _builder_version=&#8221;4.23.4&#8243; _module_preset=&#8221;default&#8221; hover_enabled=&#8221;0&#8243; locked=&#8221;off&#8221; global_colors_info=&#8221;{}&#8221; sticky_enabled=&#8221;0&#8243;]<\/p>\n<p><i class=\"fa-solid fa-file-lines\" style=\"color: #6f070a;\"><\/i> 2017. Convenio de doctorado industrial entre la Universidad de Barcelona (Facultat de Ciencias de la Tierra) y Anufra.<\/p>\n<p><i class=\"fa-solid fa-file-lines\" style=\"color: #6f070a;\"><\/i> 2021. Participaci\u00f3n en la investigaci\u00f3n relacionada con el art\u00edculo An intelligent framework for end\u2010to\u2010end rockfall detection. <strong><a href=\"https:\/\/www.researchgate.net\/publication\/353048709_An_intelligent_framework_for_end-to-end_rockfall_detection\" target=\"_blank\" rel=\"noopener\">DOI 10.1002\/int.22557<\/a><\/strong><\/p>\n<p><i class=\"fa-solid fa-file-lines\" style=\"color: #6f070a;\"><\/i> 2022. Machine Learning-Based Rockfalls Detection with 3D Point Clouds, Example in the Montserrat Massif (Spain). <strong><a href=\"http:\/\/dx.doi.org\/10.3390\/rs14174306\" target=\"_blank\" rel=\"noopener\">DOI: 10.3390\/rs14174306<\/a><\/strong><\/p>\n<p><i class=\"fa-solid fa-file-lines\" style=\"color: #6f070a;\"><\/i> 2022. Presentaci\u00f3n en el Congreso de \u00c1ridos (Oviedo), con la colaboraci\u00f3n del Grupo Cementos Molins, Geomodels y la Universidad de Barcelona. CARACTERIZACI\u00d3N DE LA FRACTURACI\u00d3N MEDIANTE UN DFN (DISCRETE FRACTURE NETWORK) CON T\u00c9CNICAS DE TELEDETECCI\u00d3N. APLICACI\u00d3N EN LA CANTERA LA FOU (MACIZO DEL GARRAF, CATALU\u00d1A).<\/p>\n<p><i class=\"fa-solid fa-file-lines\" style=\"color: #6f070a;\"><\/i> 2023. Defensa de Doctorado Industrial (convenio entre la Universidad de Barcelona y Anufra). Doctoranda Laura Blanco. \u201cAfloraments fracturats digitalitzats. Avaluaci\u00f3 de les t\u00e8cniques remotes en models DFN i aplicaci\u00f3 de Machine Learning\u201d. Repositorio: <strong><a href=\"http:\/\/hdl.handle.net\/10803\/687936\" target=\"_blank\" rel=\"noopener\">http:\/\/hdl.handle.net\/10803\/687936<\/a><\/strong><\/p>\n<p><i class=\"fa-solid fa-file-lines\" style=\"color: #6f070a;\"><\/i> 2023. Participaci\u00f3n en la investigaci\u00f3n relacionada con el art\u00edculo Rockfall Magnitude-Frequency Relationship Based on Multi-Source Data from Monitoring and Inventory. <strong><a href=\"https:\/\/www.researchgate.net\/publication\/369933096_Rockfall_Magnitude-Frequency_Relationship_Based_on_Multi-Source_Data_from_Monitoring_and_Inventory\" target=\"_blank\" rel=\"noopener\">DOI: 10.3390\/rs15081981<\/a><\/strong><\/p>\n<p>[\/et_pb_text][\/et_pb_column][\/et_pb_row][\/et_pb_section][et_pb_section fb_built=&#8221;1&#8243; _builder_version=&#8221;4.23.4&#8243; _module_preset=&#8221;default&#8221; background_color=&#8221;#6F070A&#8221; custom_margin=&#8221;2em||||false|false&#8221; custom_padding=&#8221;0px||0px||true|false&#8221; global_module=&#8221;196&#8243; saved_tabs=&#8221;all&#8221; global_colors_info=&#8221;{}&#8221;][et_pb_row column_structure=&#8221;1_2,1_2&#8243; _builder_version=&#8221;4.23.4&#8243; _module_preset=&#8221;default&#8221; width=&#8221;90%&#8221; custom_padding=&#8221;4em||1em||false|false&#8221; global_colors_info=&#8221;{}&#8221;][et_pb_column type=&#8221;1_2&#8243; _builder_version=&#8221;4.23.4&#8243; _module_preset=&#8221;default&#8221; global_colors_info=&#8221;{}&#8221;][et_pb_text _builder_version=&#8221;4.23.4&#8243; _module_preset=&#8221;default&#8221; text_font=&#8221;Titillium Web|700|||||||&#8221; text_text_color=&#8221;#FFFFFF&#8221; text_font_size=&#8221;50px&#8221; text_line_height=&#8221;1.2em&#8221; header_3_font=&#8221;Titillium Web|600|||||||&#8221; header_3_text_color=&#8221;#FFFFFF&#8221; max_width=&#8221;880px&#8221; text_font_size_tablet=&#8221;40px&#8221; text_font_size_phone=&#8221;&#8221; text_font_size_last_edited=&#8221;on|tablet&#8221; global_colors_info=&#8221;{}&#8221;]<\/p>\n<h3>Technical services<\/h3>\n<p>Do you have any questions?<\/p>\n<p>[\/et_pb_text][et_pb_text _builder_version=&#8221;4.23.4&#8243; _module_preset=&#8221;default&#8221; text_text_color=&#8221;#FFFFFF&#8221; header_3_font=&#8221;Titillium Web|600|||||||&#8221; header_3_text_color=&#8221;#6F070A&#8221; global_colors_info=&#8221;{}&#8221;]Our technical team is here to answer your questions. Please contact us by telephone, email, or through our contact form:[\/et_pb_text][et_pb_code module_class=&#8221;datos-contacto direccion&#8221; _builder_version=&#8221;4.23.4&#8243; _module_preset=&#8221;default&#8221; locked=&#8221;off&#8221; global_colors_info=&#8221;{}&#8221;]<i class=\"fa-solid fa-location-dot\"><\/i><!-- [et_pb_line_break_holder] --><pee><a href=\"https:\/\/maps.app.goo.gl\/tUPdzfzfgZFRqs7y5\" target=\"_blank\" rel=\"noopener\">C\/ Evarist Arn\u00fas 5-7,<!\u2013- [et_pb_br_holder] -\u2013><!-- [et_pb_line_break_holder] -->08028 Barcelona<\/a><\/pee>[\/et_pb_code][et_pb_code module_class=&#8221;datos-contacto email&#8221; _builder_version=&#8221;4.23.4&#8243; _module_preset=&#8221;default&#8221; locked=&#8221;off&#8221; global_colors_info=&#8221;{}&#8221;]<i class=\"fa-solid fa-envelope\"><\/i><pee><a href=\"mailto:info@anufra.com\">info@anufra.com<\/a><\/pee>[\/et_pb_code][et_pb_code module_class=&#8221;datos-contacto telefono&#8221; _builder_version=&#8221;4.23.4&#8243; _module_preset=&#8221;default&#8221; locked=&#8221;off&#8221; global_colors_info=&#8221;{}&#8221;]<i class=\"fa-solid fa-phone\"><\/i><pee><a href=\"tel:+34935193794\">+34 935 19 37 94<\/a><\/pee>[\/et_pb_code][et_pb_code module_class=&#8221;datos-contacto telefono&#8221; _builder_version=&#8221;4.23.4&#8243; _module_preset=&#8221;default&#8221; locked=&#8221;off&#8221; global_colors_info=&#8221;{}&#8221;]<i class=\"fa-solid fa-mobile-screen\"><\/i><pee><a href=\"tel:+34636000396\">+34 636 00 03 96<\/a><\/pee>[\/et_pb_code][\/et_pb_column][et_pb_column type=&#8221;1_2&#8243; _builder_version=&#8221;4.23.4&#8243; _module_preset=&#8221;default&#8221; global_colors_info=&#8221;{}&#8221;][et_pb_text _builder_version=&#8221;4.23.4&#8243; _module_preset=&#8221;default&#8221; text_font=&#8221;Titillium Web|700|||||||&#8221; text_text_color=&#8221;#FFFFFF&#8221; text_font_size=&#8221;50px&#8221; text_line_height=&#8221;1.2em&#8221; header_3_font=&#8221;Titillium Web|700||on|||||&#8221; header_3_text_align=&#8221;center&#8221; header_3_text_color=&#8221;#FFFFFF&#8221; max_width=&#8221;880px&#8221; global_colors_info=&#8221;{}&#8221;]<\/p>\n<h3>Contacto form<\/h3>\n<p>[\/et_pb_text][et_pb_code _builder_version=&#8221;4.23.4&#8243; _module_preset=&#8221;default&#8221; global_colors_info=&#8221;{}&#8221;]\n<div class=\"wpcf7 no-js\" id=\"wpcf7-f1412-o1\" lang=\"es-ES\" dir=\"ltr\" data-wpcf7-id=\"1412\">\n<div class=\"screen-reader-response\"><p role=\"status\" aria-live=\"polite\" aria-atomic=\"true\"><\/p> <ul><\/ul><\/div>\n<form action=\"\/en\/wp-json\/wp\/v2\/pages\/1447#wpcf7-f1412-o1\" method=\"post\" class=\"wpcf7-form init\" aria-label=\"Formulario de contacto\" novalidate=\"novalidate\" data-status=\"init\">\n<fieldset class=\"hidden-fields-container\"><input type=\"hidden\" name=\"_wpcf7\" value=\"1412\" \/><input type=\"hidden\" name=\"_wpcf7_version\" value=\"6.1.2\" \/><input type=\"hidden\" name=\"_wpcf7_locale\" value=\"es_ES\" \/><input type=\"hidden\" name=\"_wpcf7_unit_tag\" value=\"wpcf7-f1412-o1\" \/><input type=\"hidden\" name=\"_wpcf7_container_post\" value=\"0\" \/><input type=\"hidden\" name=\"_wpcf7_posted_data_hash\" value=\"\" \/>\n<\/fieldset>\n<p><span class=\"wpcf7-form-control-wrap\" data-name=\"your-name\"><input size=\"40\" maxlength=\"400\" class=\"wpcf7-form-control wpcf7-text wpcf7-validates-as-required\" autocomplete=\"name\" aria-required=\"true\" aria-invalid=\"false\" placeholder=\"Name*\" value=\"\" type=\"text\" name=\"your-name\" \/><\/span>\n<\/p>\n<p><span class=\"wpcf7-form-control-wrap\" data-name=\"your-email\"><input size=\"40\" maxlength=\"400\" class=\"wpcf7-form-control wpcf7-email wpcf7-validates-as-required wpcf7-text wpcf7-validates-as-email\" autocomplete=\"email\" aria-required=\"true\" aria-invalid=\"false\" placeholder=\"Email*\" value=\"\" type=\"email\" name=\"your-email\" \/><\/span>\n<\/p>\n<p><span class=\"wpcf7-form-control-wrap\" data-name=\"telefono\"><input size=\"40\" maxlength=\"400\" class=\"wpcf7-form-control wpcf7-tel wpcf7-validates-as-required wpcf7-text wpcf7-validates-as-tel\" autocomplete=\"phone\" aria-required=\"true\" aria-invalid=\"false\" placeholder=\"Telephone number*\" value=\"\" type=\"tel\" name=\"telefono\" \/><\/span>\n<\/p>\n<p><span class=\"wpcf7-form-control-wrap\" data-name=\"mensaje\"><textarea cols=\"40\" rows=\"10\" maxlength=\"2000\" class=\"wpcf7-form-control wpcf7-textarea wpcf7-validates-as-required\" aria-required=\"true\" aria-invalid=\"false\" placeholder=\"Message*\" name=\"mensaje\"><\/textarea><\/span>\n<\/p>\n<div class=\"privacidad\">\n\t<p><label><span class=\"wpcf7-form-control-wrap\" data-name=\"privacidad\"><span class=\"wpcf7-form-control wpcf7-acceptance\"><span class=\"wpcf7-list-item\"><input type=\"checkbox\" name=\"privacidad\" value=\"1\" aria-invalid=\"false\" \/><\/span><\/span><\/span> By clicking on send, you are declaring that you have read and accept our <a href=\"\/politica-de-privacidad\/\">privacy policy<\/a>.<\/label>\n\t<\/p>\n<\/div>\n<p><span id=\"wpcf7-69f461920930f-wrapper\" class=\"wpcf7-form-control-wrap email-wrap\" style=\"display:none !important; visibility:hidden !important;\"><label for=\"wpcf7-69f461920930f-field\" class=\"hp-message\">Por favor, deja este campo vac\u00edo.<\/label><input id=\"wpcf7-69f461920930f-field\"  class=\"wpcf7-form-control wpcf7-text\" type=\"text\" name=\"email\" value=\"\" size=\"40\" tabindex=\"-1\" autocomplete=\"new-password\" \/><\/span>\n<\/p>\n<p><input class=\"wpcf7-form-control wpcf7-submit has-spinner\" type=\"submit\" value=\"Send\" \/>\n<\/p><div class=\"wpcf7-response-output\" aria-hidden=\"true\"><\/div>\n<\/form>\n<\/div>\n[\/et_pb_code][\/et_pb_column][\/et_pb_row][\/et_pb_section][et_pb_section fb_built=&#8221;1&#8243; _builder_version=&#8221;4.23.4&#8243; _module_preset=&#8221;default&#8221; custom_padding=&#8221;0px||0px||true|false&#8221; global_module=&#8221;195&#8243; global_colors_info=&#8221;{}&#8221;][et_pb_row _builder_version=&#8221;4.23.4&#8243; _module_preset=&#8221;default&#8221; width=&#8221;100%&#8221; max_width=&#8221;100%&#8221; custom_padding=&#8221;0px||0px||true|false&#8221; global_colors_info=&#8221;{}&#8221;][et_pb_column type=&#8221;4_4&#8243; _builder_version=&#8221;4.23.4&#8243; _module_preset=&#8221;default&#8221; global_colors_info=&#8221;{}&#8221;][et_pb_code _builder_version=&#8221;4.23.4&#8243; _module_preset=&#8221;default&#8221; global_colors_info=&#8221;{}&#8221;]<iframe src=\"https:\/\/www.google.com\/maps\/embed?pb=!1m18!1m12!1m3!1d2993.6112430607036!2d2.1296872760593746!3d41.38253027130039!2m3!1f0!2f0!3f0!3m2!1i1024!2i768!4f13.1!3m3!1m2!1s0x12a49862658d81c9%3A0xf87f6d77a3e7d19d!2sAnufra.%20Soil%20%26%20Water%20Consulting!5e0!3m2!1ses!2ses!4v1704985675140!5m2!1ses!2ses\" width=\"100%\" height=\"450\" style=\"border:0;\" allowfullscreen=\"\" loading=\"lazy\" referrerpolicy=\"no-referrer-when-downgrade\"><\/iframe>[\/et_pb_code][\/et_pb_column][\/et_pb_row][\/et_pb_section]<\/p>\n","protected":false},"excerpt":{"rendered":"<p>R+D Research and developmentAnufra collaborates on research projects with the University of Barcelona and the Cartographic and Geological Institute of Catalonia. Our highly trained experts are continually furthering their knowledge, so that we can bring you worthwhile answers.Our main projects 2017. Convenio de doctorado industrial entre la Universidad de Barcelona (Facultat de Ciencias de la [&hellip;]<\/p>\n","protected":false},"author":1,"featured_media":0,"parent":0,"menu_order":0,"comment_status":"closed","ping_status":"closed","template":"","meta":{"_acf_changed":false,"_et_pb_use_builder":"on","_et_pb_old_content":"","_et_gb_content_width":"","om_disable_all_campaigns":false,"inline_featured_image":false,"_uf_show_specific_survey":0,"_uf_disable_surveys":false,"footnotes":""},"class_list":["post-1447","page","type-page","status-publish","hentry"],"acf":[],"aioseo_notices":[],"_links":{"self":[{"href":"https:\/\/anufra.com\/en\/wp-json\/wp\/v2\/pages\/1447","targetHints":{"allow":["GET"]}}],"collection":[{"href":"https:\/\/anufra.com\/en\/wp-json\/wp\/v2\/pages"}],"about":[{"href":"https:\/\/anufra.com\/en\/wp-json\/wp\/v2\/types\/page"}],"author":[{"embeddable":true,"href":"https:\/\/anufra.com\/en\/wp-json\/wp\/v2\/users\/1"}],"replies":[{"embeddable":true,"href":"https:\/\/anufra.com\/en\/wp-json\/wp\/v2\/comments?post=1447"}],"version-history":[{"count":2,"href":"https:\/\/anufra.com\/en\/wp-json\/wp\/v2\/pages\/1447\/revisions"}],"predecessor-version":[{"id":1449,"href":"https:\/\/anufra.com\/en\/wp-json\/wp\/v2\/pages\/1447\/revisions\/1449"}],"wp:attachment":[{"href":"https:\/\/anufra.com\/en\/wp-json\/wp\/v2\/media?parent=1447"}],"curies":[{"name":"wp","href":"https:\/\/api.w.org\/{rel}","templated":true}]}}